{"id":1875,"date":"2022-10-29T06:23:42","date_gmt":"2022-10-29T04:23:42","guid":{"rendered":"http:\/\/e-sportacademy.pl\/?page_id=1875"},"modified":"2022-11-01T01:21:10","modified_gmt":"2022-11-01T00:21:10","slug":"harmonogram-zajec","status":"publish","type":"page","link":"https:\/\/e-sportacademy.pl\/?page_id=1875","title":{"rendered":"Galeria Akademii"},"content":{"rendered":"\t\t<div data-elementor-type=\"wp-page\" data-elementor-id=\"1875\" class=\"elementor elementor-1875\">\n\t\t\t\t\t\t\t\t\t<section class=\"elementor-section elementor-top-section elementor-element elementor-element-2a154f5 elementor-section-boxed elementor-section-height-default elementor-section-height-default\" data-id=\"2a154f5\" data-element_type=\"section\" data-settings=\"{&quot;background_background&quot;:&quot;classic&quot;}\">\n\t\t\t\t\t\t<div class=\"elementor-container elementor-column-gap-default\">\n\t\t\t\t\t<div class=\"elementor-column elementor-col-100 elementor-top-column elementor-element elementor-element-0f77472\" data-id=\"0f77472\" data-element_type=\"column\">\n\t\t\t<div class=\"elementor-widget-wrap elementor-element-populated\">\n\t\t\t\t\t\t\t\t<div class=\"elementor-element elementor-element-7dfddbe elementor-widget elementor-widget-spacer\" data-id=\"7dfddbe\" data-element_type=\"widget\" data-widget_type=\"spacer.default\">\n\t\t\t\t<div class=\"elementor-widget-container\">\n\t\t\t<style>\/*! elementor - v3.7.8 - 02-10-2022 *\/\n.elementor-column .elementor-spacer-inner{height:var(--spacer-size)}.e-container{--container-widget-width:100%}.e-container>.elementor-widget-spacer{width:var(--container-widget-width,var(--spacer-size));-ms-flex-item-align:stretch;align-self:stretch;-ms-flex-negative:0;flex-shrink:0}.e-container>.elementor-widget-spacer>.elementor-widget-container,.e-container>.elementor-widget-spacer>.elementor-widget-container>.elementor-spacer{height:100%}.e-container>.elementor-widget-spacer>.elementor-widget-container>.elementor-spacer>.elementor-spacer-inner{height:var(--container-widget-height,var(--spacer-size))}<\/style>\t\t<div class=\"elementor-spacer\">\n\t\t\t<div class=\"elementor-spacer-inner\"><\/div>\n\t\t<\/div>\n\t\t\t\t<\/div>\n\t\t\t\t<\/div>\n\t\t\t\t\t<\/div>\n\t\t<\/div>\n\t\t\t\t\t\t\t<\/div>\n\t\t<\/section>\n\t\t\t\t<section class=\"elementor-section elementor-top-section elementor-element elementor-element-52a6bf9 elementor-section-boxed elementor-section-height-default elementor-section-height-default\" data-id=\"52a6bf9\" data-element_type=\"section\" data-settings=\"{&quot;background_background&quot;:&quot;classic&quot;}\">\n\t\t\t\t\t\t<div class=\"elementor-container elementor-column-gap-default\">\n\t\t\t\t\t<div class=\"elementor-column elementor-col-100 elementor-top-column elementor-element elementor-element-326df37\" data-id=\"326df37\" data-element_type=\"column\">\n\t\t\t<div class=\"elementor-widget-wrap elementor-element-populated\">\n\t\t\t\t\t\t\t\t<div class=\"elementor-element elementor-element-614d480 elementor-widget elementor-widget-heading\" data-id=\"614d480\" data-element_type=\"widget\" data-widget_type=\"heading.default\">\n\t\t\t\t<div class=\"elementor-widget-container\">\n\t\t\t<style>\/*! elementor - v3.7.8 - 02-10-2022 *\/\n.elementor-heading-title{padding:0;margin:0;line-height:1}.elementor-widget-heading .elementor-heading-title[class*=elementor-size-]>a{color:inherit;font-size:inherit;line-height:inherit}.elementor-widget-heading .elementor-heading-title.elementor-size-small{font-size:15px}.elementor-widget-heading .elementor-heading-title.elementor-size-medium{font-size:19px}.elementor-widget-heading .elementor-heading-title.elementor-size-large{font-size:29px}.elementor-widget-heading .elementor-heading-title.elementor-size-xl{font-size:39px}.elementor-widget-heading .elementor-heading-title.elementor-size-xxl{font-size:59px}<\/style><h2 class=\"elementor-heading-title elementor-size-default\">Nasza galeria zostanie zaaktualizowana wkr\u00f3tce.<\/h2>\t\t<\/div>\n\t\t\t\t<\/div>\n\t\t\t\t<div class=\"elementor-element elementor-element-3bb63ad elementor-widget elementor-widget-text-editor\" data-id=\"3bb63ad\" data-element_type=\"widget\" data-widget_type=\"text-editor.default\">\n\t\t\t\t<div class=\"elementor-widget-container\">\n\t\t\t<style>\/*! elementor - v3.7.8 - 02-10-2022 *\/\n.elementor-widget-text-editor.elementor-drop-cap-view-stacked .elementor-drop-cap{background-color:#818a91;color:#fff}.elementor-widget-text-editor.elementor-drop-cap-view-framed .elementor-drop-cap{color:#818a91;border:3px solid;background-color:transparent}.elementor-widget-text-editor:not(.elementor-drop-cap-view-default) .elementor-drop-cap{margin-top:8px}.elementor-widget-text-editor:not(.elementor-drop-cap-view-default) .elementor-drop-cap-letter{width:1em;height:1em}.elementor-widget-text-editor .elementor-drop-cap{float:left;text-align:center;line-height:1;font-size:50px}.elementor-widget-text-editor .elementor-drop-cap-letter{display:inline-block}<\/style>\t\t\t\t<p>Sprawd\u017a jak wygl\u0105daj\u0105 treningi po drugiej stronie monitora. Um\u00f3w si\u0119 na konsultacj\u0119 i sprawd\u017a swoje umiej\u0119tno\u015bci ju\u017c dzi\u015b!<\/p>\t\t\t\t\t\t<\/div>\n\t\t\t\t<\/div>\n\t\t\t\t<div class=\"elementor-element elementor-element-5e8e2c0 elementor-widget elementor-widget-zockerbutton\" data-id=\"5e8e2c0\" data-element_type=\"widget\" data-widget_type=\"zockerbutton.default\">\n\t\t\t\t<div class=\"elementor-widget-container\">\n\t\t\t<!-- Button --><div class=\"btn-wrapper center\"><a class=\"view-btn\" href=\"#\">Sprawd\u017a ceny<i class=\"far fa-angle-double-right\"><\/i><\/a><\/div><!-- End Button -->\t\t<\/div>\n\t\t\t\t<\/div>\n\t\t\t\t\t<\/div>\n\t\t<\/div>\n\t\t\t\t\t\t\t<\/div>\n\t\t<\/section>\n\t\t\t\t<section class=\"elementor-section elementor-top-section elementor-element elementor-element-2952cb1 elementor-section-full_width elementor-section-height-default elementor-section-height-default\" data-id=\"2952cb1\" data-element_type=\"section\" data-settings=\"{&quot;background_background&quot;:&quot;classic&quot;}\">\n\t\t\t\t\t\t<div class=\"elementor-container elementor-column-gap-no\">\n\t\t\t\t\t<div class=\"elementor-column elementor-col-100 elementor-top-column elementor-element elementor-element-d417a46\" data-id=\"d417a46\" data-element_type=\"column\">\n\t\t\t<div class=\"elementor-widget-wrap elementor-element-populated\">\n\t\t\t\t\t\t\t\t<section class=\"elementor-section elementor-inner-section elementor-element elementor-element-21119fb elementor-section-full_width elementor-section-height-default elementor-section-height-default\" data-id=\"21119fb\" data-element_type=\"section\" data-settings=\"{&quot;background_background&quot;:&quot;classic&quot;}\">\n\t\t\t\t\t\t<div class=\"elementor-container elementor-column-gap-no\">\n\t\t\t\t\t<div class=\"elementor-column elementor-col-100 elementor-inner-column elementor-element elementor-element-b674788\" data-id=\"b674788\" data-element_type=\"column\">\n\t\t\t<div class=\"elementor-widget-wrap elementor-element-populated\">\n\t\t\t\t\t\t\t\t<div class=\"elementor-element elementor-element-a8c53c7 elementor-widget elementor-widget-zockertestimonialslider\" data-id=\"a8c53c7\" data-element_type=\"widget\" data-widget_type=\"zockertestimonialslider.default\">\n\t\t\t\t<div class=\"elementor-widget-container\">\n\t\t\t<section class=\"vs-testimonial testimonial-layout2 position-relative space-top space-md-bottom\" ><div class=\"testimonial-shape\" data-bg-src=\"https:\/\/templatemonster.vecuro.com\/wordpress\/zocker\/wp-content\/uploads\/2021\/05\/testi-bg-1-1.jpg\"><\/div><div class=\"container z-index-common\"><div class=\"row\"><div class=\"col-sm-8\"><div class=\"section-title\"><span class=\"sub-title2 mb-30\">Co o nas m\u00f3wi\u0105 nasi kursanci?<\/span><h2 class=\"text-white sec-title3\">Opinie<\/h2><\/div><\/div><div class=\"col-sm-4 align-self-center text-end mb-5 d-none d-sm-block\"><button class=\"icon1 text-white me-4\" data-slick-prev=\"#testislide1\"><i class=\"far fa-chevron-left fa-2x\"><\/i><\/button><button class=\"icon1 text-white\" data-slick-next=\"#testislide1\"><i class=\"far fa-chevron-right fa-2x\"><\/i><\/button><\/div><\/div><\/div><div class=\"container-fluid px-xl-0 overflow-hidden\"><div class=\"testimonial-slider-two row gx-0 vs-carousel\" id=\"testislide1\"><div class=\"col-xl-7\"><div class=\"vs-testimonial\"><div class=\"quote position-absolute\"><img decoding=\"async\" src=\"https:\/\/templatemonster.vecuro.com\/wordpress\/zocker\/wp-content\/uploads\/2021\/05\/quote-2.png\" alt=\"quote 2\"  \/><\/div><p class=\"testi-text fs-20 text-light2 mb-35\">Super atmosfera i masa uporz\u0105dkowanej wiedzy praktycznej. O wielu taktykach nie wiedzia\u0142em a jest ich naprawd\u0119 wiele. Dzi\u0119kuj\u0119 Szymonowi i polecam akademi\u0119<\/p><div class=\"author-img mx-auto mb-15\"><img decoding=\"async\" src=\"https:\/\/templatemonster.vecuro.com\/wordpress\/zocker\/wp-content\/uploads\/2021\/05\/author-2-1.png\" alt=\"author 2 1\"  \/><\/div><h3 class=\"h4 text-white author-name font-theme text-normal mb-0\">Jacek W.<\/h3><span class=\"degi text-light2\">Kursant<\/span><\/div><\/div><div class=\"col-xl-7\"><div class=\"vs-testimonial\"><div class=\"quote position-absolute\"><img decoding=\"async\" src=\"https:\/\/templatemonster.vecuro.com\/wordpress\/zocker\/wp-content\/uploads\/2021\/05\/quote-2.png\" alt=\"quote 2\"  \/><\/div><p class=\"testi-text fs-20 text-light2 mb-35\">Super podej\u015bcie i naprawd\u0119 jako\u015bciowe treningi 1 na 1. Widz\u0119 du\u017c\u0105 r\u00f3\u017cnic\u0119 w grze i to na du\u017cy plus. Polecam<\/p><div class=\"author-img mx-auto mb-15\"><img decoding=\"async\" src=\"https:\/\/templatemonster.vecuro.com\/wordpress\/zocker\/wp-content\/uploads\/2021\/05\/author-2-2.png\" alt=\"author 2 2\"  \/><\/div><h3 class=\"h4 text-white author-name font-theme text-normal mb-0\">Bartek C.<\/h3><span class=\"degi text-light2\">Kursant<\/span><\/div><\/div><div class=\"col-xl-7\"><div class=\"vs-testimonial\"><div class=\"quote position-absolute\"><img decoding=\"async\" src=\"https:\/\/templatemonster.vecuro.com\/wordpress\/zocker\/wp-content\/uploads\/2021\/05\/quote-2.png\" alt=\"quote 2\"  \/><\/div><p class=\"testi-text fs-20 text-light2 mb-35\">Nie ma drugiej takiej osoby jak Szymon, kt\u00f3ra potrafi z tak\u0105 pasj\u0105 godzinami analizowa\u0107 b\u0142\u0119dy dru\u017cyny. Polecam z ca\u0142ego serca i dzi\u0119kujemy za sukcesy<\/p><h3 class=\"h4 text-white author-name font-theme text-normal mb-0\">Kajtek D.<\/h3><span class=\"degi text-light2\">Kursant<\/span><\/div><\/div><\/div><\/div><\/section>\t\t<\/div>\n\t\t\t\t<\/div>\n\t\t\t\t\t<\/div>\n\t\t<\/div>\n\t\t\t\t\t\t\t<\/div>\n\t\t<\/section>\n\t\t\t\t\t<\/div>\n\t\t<\/div>\n\t\t\t\t\t\t\t<\/div>\n\t\t<\/section>\n\t\t\t\t<section class=\"elementor-section elementor-top-section elementor-element elementor-element-2e6a6ad elementor-section-full_width elementor-section-height-default elementor-section-height-default\" data-id=\"2e6a6ad\" data-element_type=\"section\" data-settings=\"{&quot;background_background&quot;:&quot;classic&quot;}\">\n\t\t\t\t\t\t<div class=\"elementor-container elementor-column-gap-default\">\n\t\t\t\t\t<div class=\"elementor-column elementor-col-25 elementor-top-column elementor-element elementor-element-0b02038\" data-id=\"0b02038\" data-element_type=\"column\">\n\t\t\t<div class=\"elementor-widget-wrap elementor-element-populated\">\n\t\t\t\t\t\t\t\t<div class=\"elementor-element elementor-element-459e24c elementor-widget elementor-widget-counter\" data-id=\"459e24c\" data-element_type=\"widget\" data-widget_type=\"counter.default\">\n\t\t\t\t<div class=\"elementor-widget-container\">\n\t\t\t<style>\/*! elementor - v3.7.8 - 02-10-2022 *\/\n.elementor-counter .elementor-counter-number-wrapper{display:-webkit-box;display:-ms-flexbox;display:flex;font-size:69px;font-weight:600;line-height:1}.elementor-counter .elementor-counter-number-prefix,.elementor-counter .elementor-counter-number-suffix{-webkit-box-flex:1;-ms-flex-positive:1;flex-grow:1;white-space:pre-wrap}.elementor-counter .elementor-counter-number-prefix{text-align:right}.elementor-counter .elementor-counter-number-suffix{text-align:left}.elementor-counter .elementor-counter-title{text-align:center;font-size:19px;font-weight:400;line-height:2.5}<\/style>\t\t<div class=\"elementor-counter\">\n\t\t\t<div class=\"elementor-counter-number-wrapper\">\n\t\t\t\t<span class=\"elementor-counter-number-prefix\"><\/span>\n\t\t\t\t<span class=\"elementor-counter-number\" data-duration=\"2000\" data-to-value=\"10\" data-from-value=\"0\" data-delimiter=\",\">0<\/span>\n\t\t\t\t<span class=\"elementor-counter-number-suffix\">+<\/span>\n\t\t\t<\/div>\n\t\t\t\t\t\t\t<div class=\"elementor-counter-title\">LAT DO\u015aWIADCZENIA<\/div>\n\t\t\t\t\t<\/div>\n\t\t\t\t<\/div>\n\t\t\t\t<\/div>\n\t\t\t\t\t<\/div>\n\t\t<\/div>\n\t\t\t\t<div class=\"elementor-column elementor-col-25 elementor-top-column elementor-element elementor-element-9fdd6ba\" data-id=\"9fdd6ba\" data-element_type=\"column\">\n\t\t\t<div class=\"elementor-widget-wrap elementor-element-populated\">\n\t\t\t\t\t\t\t\t<div class=\"elementor-element elementor-element-b92a22c elementor-widget elementor-widget-counter\" data-id=\"b92a22c\" data-element_type=\"widget\" data-widget_type=\"counter.default\">\n\t\t\t\t<div class=\"elementor-widget-container\">\n\t\t\t\t\t<div class=\"elementor-counter\">\n\t\t\t<div class=\"elementor-counter-number-wrapper\">\n\t\t\t\t<span class=\"elementor-counter-number-prefix\"><\/span>\n\t\t\t\t<span class=\"elementor-counter-number\" data-duration=\"2000\" data-to-value=\"47\" data-from-value=\"0\" data-delimiter=\",\">0<\/span>\n\t\t\t\t<span class=\"elementor-counter-number-suffix\"><\/span>\n\t\t\t<\/div>\n\t\t\t\t\t\t\t<div class=\"elementor-counter-title\">KURSANT\u00d3W<\/div>\n\t\t\t\t\t<\/div>\n\t\t\t\t<\/div>\n\t\t\t\t<\/div>\n\t\t\t\t\t<\/div>\n\t\t<\/div>\n\t\t\t\t<div class=\"elementor-column elementor-col-25 elementor-top-column elementor-element elementor-element-a8c6391\" data-id=\"a8c6391\" data-element_type=\"column\">\n\t\t\t<div class=\"elementor-widget-wrap elementor-element-populated\">\n\t\t\t\t\t\t\t\t<div class=\"elementor-element elementor-element-1570f60 elementor-widget elementor-widget-counter\" data-id=\"1570f60\" data-element_type=\"widget\" data-widget_type=\"counter.default\">\n\t\t\t\t<div class=\"elementor-widget-container\">\n\t\t\t\t\t<div class=\"elementor-counter\">\n\t\t\t<div class=\"elementor-counter-number-wrapper\">\n\t\t\t\t<span class=\"elementor-counter-number-prefix\"><\/span>\n\t\t\t\t<span class=\"elementor-counter-number\" data-duration=\"2000\" data-to-value=\"446\" data-from-value=\"0\" data-delimiter=\",\">0<\/span>\n\t\t\t\t<span class=\"elementor-counter-number-suffix\"><\/span>\n\t\t\t<\/div>\n\t\t\t\t\t\t\t<div class=\"elementor-counter-title\">PRZEPROWADZONYCH TRENING\u00d3W<\/div>\n\t\t\t\t\t<\/div>\n\t\t\t\t<\/div>\n\t\t\t\t<\/div>\n\t\t\t\t\t<\/div>\n\t\t<\/div>\n\t\t\t\t<div class=\"elementor-column elementor-col-25 elementor-top-column elementor-element elementor-element-404a3bf\" data-id=\"404a3bf\" data-element_type=\"column\">\n\t\t\t<div class=\"elementor-widget-wrap elementor-element-populated\">\n\t\t\t\t\t\t\t\t<div class=\"elementor-element elementor-element-3ee3b0d elementor-widget elementor-widget-counter\" data-id=\"3ee3b0d\" data-element_type=\"widget\" data-widget_type=\"counter.default\">\n\t\t\t\t<div class=\"elementor-widget-container\">\n\t\t\t\t\t<div class=\"elementor-counter\">\n\t\t\t<div class=\"elementor-counter-number-wrapper\">\n\t\t\t\t<span class=\"elementor-counter-number-prefix\"><\/span>\n\t\t\t\t<span class=\"elementor-counter-number\" data-duration=\"2000\" data-to-value=\"100\" data-from-value=\"0\" data-delimiter=\",\">0<\/span>\n\t\t\t\t<span class=\"elementor-counter-number-suffix\">%<\/span>\n\t\t\t<\/div>\n\t\t\t\t\t\t\t<div class=\"elementor-counter-title\">ZADOWOLONYCH KURSANT\u00d3W<\/div>\n\t\t\t\t\t<\/div>\n\t\t\t\t<\/div>\n\t\t\t\t<\/div>\n\t\t\t\t\t<\/div>\n\t\t<\/div>\n\t\t\t\t\t\t\t<\/div>\n\t\t<\/section>\n\t\t\t\t<section class=\"elementor-section elementor-top-section elementor-element elementor-element-75e36f5 elementor-section-boxed elementor-section-height-default elementor-section-height-default\" data-id=\"75e36f5\" data-element_type=\"section\" data-settings=\"{&quot;background_background&quot;:&quot;classic&quot;}\">\n\t\t\t\t\t\t<div class=\"elementor-container elementor-column-gap-default\">\n\t\t\t\t\t<div class=\"elementor-column elementor-col-100 elementor-top-column elementor-element elementor-element-09a6140\" data-id=\"09a6140\" data-element_type=\"column\">\n\t\t\t<div class=\"elementor-widget-wrap elementor-element-populated\">\n\t\t\t\t\t\t\t\t<div class=\"elementor-element elementor-element-9a52ea4 elementor-widget elementor-widget-spacer\" data-id=\"9a52ea4\" data-element_type=\"widget\" data-widget_type=\"spacer.default\">\n\t\t\t\t<div class=\"elementor-widget-container\">\n\t\t\t\t\t<div class=\"elementor-spacer\">\n\t\t\t<div class=\"elementor-spacer-inner\"><\/div>\n\t\t<\/div>\n\t\t\t\t<\/div>\n\t\t\t\t<\/div>\n\t\t\t\t\t<\/div>\n\t\t<\/div>\n\t\t\t\t\t\t\t<\/div>\n\t\t<\/section>\n\t\t\t\t\t\t\t<\/div>\n\t\t","protected":false},"excerpt":{"rendered":"<p>Nasza galeria zostanie zaaktualizowana wkr\u00f3tce. Sprawd\u017a jak wygl\u0105daj\u0105 treningi po drugiej stronie monitora. Um\u00f3w si\u0119 na konsultacj\u0119 i sprawd\u017a swoje umiej\u0119tno\u015bci ju\u017c dzi\u015b! Sprawd\u017a ceny Co o nas m\u00f3wi\u0105 nasi kursanci? Opinie Super atmosfera i masa uporz\u0105dkowanej wiedzy praktycznej. O wielu taktykach nie wiedzia\u0142em a jest ich naprawd\u0119 wiele. Dzi\u0119kuj\u0119 Szymonowi i polecam akademi\u0119 Jacek&#8230;<\/p>\n","protected":false},"author":1,"featured_media":0,"parent":0,"menu_order":0,"comment_status":"closed","ping_status":"closed","template":"template-builder.php","meta":{"footnotes":""},"class_list":["post-1875","page","type-page","status-publish","hentry"],"_links":{"self":[{"href":"https:\/\/e-sportacademy.pl\/index.php?rest_route=\/wp\/v2\/pages\/1875","targetHints":{"allow":["GET"]}}],"collection":[{"href":"https:\/\/e-sportacademy.pl\/index.php?rest_route=\/wp\/v2\/pages"}],"about":[{"href":"https:\/\/e-sportacademy.pl\/index.php?rest_route=\/wp\/v2\/types\/page"}],"author":[{"embeddable":true,"href":"https:\/\/e-sportacademy.pl\/index.php?rest_route=\/wp\/v2\/users\/1"}],"replies":[{"embeddable":true,"href":"https:\/\/e-sportacademy.pl\/index.php?rest_route=%2Fwp%2Fv2%2Fcomments&post=1875"}],"version-history":[{"count":61,"href":"https:\/\/e-sportacademy.pl\/index.php?rest_route=\/wp\/v2\/pages\/1875\/revisions"}],"predecessor-version":[{"id":2127,"href":"https:\/\/e-sportacademy.pl\/index.php?rest_route=\/wp\/v2\/pages\/1875\/revisions\/2127"}],"wp:attachment":[{"href":"https:\/\/e-sportacademy.pl\/index.php?rest_route=%2Fwp%2Fv2%2Fmedia&parent=1875"}],"curies":[{"name":"wp","href":"https:\/\/api.w.org\/{rel}","templated":true}]}}