{"id":50,"date":"2021-05-04T08:19:12","date_gmt":"2021-05-04T08:19:12","guid":{"rendered":"https:\/\/templatemonster.vecuro.com\/wordpress\/zocker\/?page_id=50"},"modified":"2024-10-07T19:17:14","modified_gmt":"2024-10-07T17:17:14","slug":"contact-us","status":"publish","type":"page","link":"https:\/\/e-sportacademy.pl\/?page_id=50","title":{"rendered":"Kontakt"},"content":{"rendered":"\t\t<div data-elementor-type=\"wp-page\" data-elementor-id=\"50\" class=\"elementor elementor-50\">\n\t\t\t\t\t\t\t\t\t<section class=\"elementor-section elementor-top-section elementor-element elementor-element-a56231b elementor-section-full_width elementor-section-height-default elementor-section-height-default\" data-id=\"a56231b\" data-element_type=\"section\">\n\t\t\t\t\t\t<div class=\"elementor-container elementor-column-gap-no\">\n\t\t\t\t\t<div class=\"elementor-column elementor-col-100 elementor-top-column elementor-element elementor-element-0b879a6\" data-id=\"0b879a6\" data-element_type=\"column\">\n\t\t\t<div class=\"elementor-widget-wrap elementor-element-populated\">\n\t\t\t\t\t\t\t\t<section class=\"elementor-section elementor-inner-section elementor-element elementor-element-69e55b8 elementor-section-boxed elementor-section-height-default elementor-section-height-default\" data-id=\"69e55b8\" data-element_type=\"section\">\n\t\t\t\t\t\t<div class=\"elementor-container elementor-column-gap-no\">\n\t\t\t\t\t<div class=\"elementor-column elementor-col-100 elementor-inner-column elementor-element elementor-element-a7ec038\" data-id=\"a7ec038\" data-element_type=\"column\">\n\t\t\t<div class=\"elementor-widget-wrap elementor-element-populated\">\n\t\t\t\t\t\t\t\t<div class=\"elementor-element elementor-element-f06cb04 elementor-widget elementor-widget-zockersectiontitle\" data-id=\"f06cb04\" data-element_type=\"widget\" data-widget_type=\"zockersectiontitle.default\">\n\t\t\t\t<div class=\"elementor-widget-container\">\n\t\t\t<!-- Section Title --><div class=\"section-title\" ><h2 class=\"sub-title2 subtitle-selector\">Kontakt<\/h2><h2 class=\"sec-title1 title-selector\">Masz Pytania?<\/h2><p class=\"desc\">Jeste\u015bmy tutaj, aby rozwia\u0107 twoje w\u0105tpliwo\u015bci.\nNie wiesz jaki rodzaj cz\u0142onkostwa wybra\u0107? A mo\u017ce chcia\u0142by\u015b dowiedzie\u0107 si\u0119 jak najlepiej u\u0142o\u017cy\u0107 plan trening\u00f3w dla istniej\u0105cej ju\u017c dru\u017cyny? P\u0142atno\u015bci dokonasz w wygodny spos\u00f3b za pomoc\u0105 BLIK na podany ni\u017cej numer telefonu lub na firmowy numer rachunku bankowego: 66 1240 1880 1111 0011 4214 9583. \nW tytule przelewu napisz imi\u0119 oraz nazwisko, wraz z nazw\u0105 u\u017cytkownika Discord.\n <\/p><\/div><!-- End Section Title -->\t\t<\/div>\n\t\t\t\t<\/div>\n\t\t\t\t<div class=\"elementor-element elementor-element-c151be0 elementor-widget elementor-widget-text-editor\" data-id=\"c151be0\" data-element_type=\"widget\" data-widget_type=\"text-editor.default\">\n\t\t\t\t<div class=\"elementor-widget-container\">\n\t\t\t<style>\/*! elementor - v3.7.8 - 02-10-2022 *\/\n.elementor-widget-text-editor.elementor-drop-cap-view-stacked .elementor-drop-cap{background-color:#818a91;color:#fff}.elementor-widget-text-editor.elementor-drop-cap-view-framed .elementor-drop-cap{color:#818a91;border:3px solid;background-color:transparent}.elementor-widget-text-editor:not(.elementor-drop-cap-view-default) .elementor-drop-cap{margin-top:8px}.elementor-widget-text-editor:not(.elementor-drop-cap-view-default) .elementor-drop-cap-letter{width:1em;height:1em}.elementor-widget-text-editor .elementor-drop-cap{float:left;text-align:center;line-height:1;font-size:50px}.elementor-widget-text-editor .elementor-drop-cap-letter{display:inline-block}<\/style>\t\t\t\t<h3>Kontakt telefoniczny:<a href=\"tel:519180973\"> 519 180 973<\/a><\/h3>\n<h3>Kontakt Email: kontakt@e-sportacademy.pl<\/h3>\n<table>\n<tbody>\n<tr>\n<td>Pon &#8211;&nbsp; Pt:<\/td>\n<td>9:00 &#8211; 20:00<\/td>\n<\/tr>\n<tr>\n<td>Sobota:<\/td>\n<td>10:00&nbsp; &#8211; 17:00&nbsp;<\/td>\n<\/tr>\n<tr>\n<td>Niedziela:<\/td>\n<td>10:00&nbsp; &#8211; 17:00&nbsp;<\/td>\n<\/tr>\n<\/tbody>\n<\/table>\t\t\t\t\t\t<\/div>\n\t\t\t\t<\/div>\n\t\t\t\t\t<\/div>\n\t\t<\/div>\n\t\t\t\t\t\t\t<\/div>\n\t\t<\/section>\n\t\t\t\t<section class=\"elementor-section elementor-inner-section elementor-element elementor-element-a538d7f elementor-hidden-desktop elementor-hidden-tablet elementor-hidden-mobile elementor-section-boxed elementor-section-height-default elementor-section-height-default\" data-id=\"a538d7f\" data-element_type=\"section\">\n\t\t\t\t\t\t<div class=\"elementor-container elementor-column-gap-no\">\n\t\t\t\t\t<div class=\"elementor-column elementor-col-100 elementor-inner-column elementor-element elementor-element-09042b2\" data-id=\"09042b2\" data-element_type=\"column\">\n\t\t\t<div class=\"elementor-widget-wrap elementor-element-populated\">\n\t\t\t\t\t\t\t\t<div class=\"elementor-element elementor-element-6c3496e elementor-widget elementor-widget-google_maps\" data-id=\"6c3496e\" data-element_type=\"widget\" data-widget_type=\"google_maps.default\">\n\t\t\t\t<div class=\"elementor-widget-container\">\n\t\t\t<style>\/*! elementor - v3.7.8 - 02-10-2022 *\/\n.elementor-widget-google_maps .elementor-widget-container{overflow:hidden}.elementor-widget-google_maps iframe{height:300px}<\/style>\t\t<div class=\"elementor-custom-embed\">\n\t\t\t<iframe frameborder=\"0\" scrolling=\"no\" marginheight=\"0\" marginwidth=\"0\"\n\t\t\t\t\tsrc=\"https:\/\/maps.google.com\/maps?q=London%20Eye%2C%20London%2C%20United%20Kingdom&#038;t=m&#038;z=10&#038;output=embed&#038;iwloc=near\"\n\t\t\t\t\ttitle=\"London Eye, London, United Kingdom\"\n\t\t\t\t\taria-label=\"London Eye, London, United Kingdom\"\n\t\t\t><\/iframe>\n\t\t<\/div>\n\t\t\t\t<\/div>\n\t\t\t\t<\/div>\n\t\t\t\t\t<\/div>\n\t\t<\/div>\n\t\t\t\t\t\t\t<\/div>\n\t\t<\/section>\n\t\t\t\t\t<\/div>\n\t\t<\/div>\n\t\t\t\t\t\t\t<\/div>\n\t\t<\/section>\n\t\t\t\t\t\t\t<\/div>\n\t\t","protected":false},"excerpt":{"rendered":"<p>Kontakt Masz Pytania? Jeste\u015bmy tutaj, aby rozwia\u0107 twoje w\u0105tpliwo\u015bci. Nie wiesz jaki rodzaj cz\u0142onkostwa wybra\u0107? A mo\u017ce chcia\u0142by\u015b dowiedzie\u0107 si\u0119 jak najlepiej u\u0142o\u017cy\u0107 plan trening\u00f3w dla istniej\u0105cej ju\u017c dru\u017cyny? P\u0142atno\u015bci dokonasz w wygodny spos\u00f3b za pomoc\u0105 BLIK na podany ni\u017cej numer telefonu lub na firmowy numer rachunku bankowego: 66 1240 1880 1111 0011 4214 9583&#8230;.<\/p>\n","protected":false},"author":1,"featured_media":0,"parent":0,"menu_order":0,"comment_status":"closed","ping_status":"closed","template":"template-builder.php","meta":{"footnotes":""},"class_list":["post-50","page","type-page","status-publish","hentry"],"_links":{"self":[{"href":"https:\/\/e-sportacademy.pl\/index.php?rest_route=\/wp\/v2\/pages\/50","targetHints":{"allow":["GET"]}}],"collection":[{"href":"https:\/\/e-sportacademy.pl\/index.php?rest_route=\/wp\/v2\/pages"}],"about":[{"href":"https:\/\/e-sportacademy.pl\/index.php?rest_route=\/wp\/v2\/types\/page"}],"author":[{"embeddable":true,"href":"https:\/\/e-sportacademy.pl\/index.php?rest_route=\/wp\/v2\/users\/1"}],"replies":[{"embeddable":true,"href":"https:\/\/e-sportacademy.pl\/index.php?rest_route=%2Fwp%2Fv2%2Fcomments&post=50"}],"version-history":[{"count":25,"href":"https:\/\/e-sportacademy.pl\/index.php?rest_route=\/wp\/v2\/pages\/50\/revisions"}],"predecessor-version":[{"id":2262,"href":"https:\/\/e-sportacademy.pl\/index.php?rest_route=\/wp\/v2\/pages\/50\/revisions\/2262"}],"wp:attachment":[{"href":"https:\/\/e-sportacademy.pl\/index.php?rest_route=%2Fwp%2Fv2%2Fmedia&parent=50"}],"curies":[{"name":"wp","href":"https:\/\/api.w.org\/{rel}","templated":true}]}}