{"id":2151,"date":"2022-11-04T16:10:05","date_gmt":"2022-11-04T15:10:05","guid":{"rendered":"https:\/\/e-sportacademy.pl\/?post_type=product&#038;p=2151"},"modified":"2022-11-04T16:10:06","modified_gmt":"2022-11-04T15:10:06","slug":"warsztaty-grupowe-3-5-osob","status":"publish","type":"product","link":"https:\/\/e-sportacademy.pl\/?product=warsztaty-grupowe-3-5-osob","title":{"rendered":"Warsztaty Grupowe 3-5 os\u00f3b"},"content":{"rendered":"","protected":false},"excerpt":{"rendered":"<p>Zaj\u0119cia dedykowane dla grup komercyjnych lub graczy profesjonalnych. Rozegraj swoj\u0105 ulubion\u0105 rozgrywk\u0119 pod okiem profesjonalist\u00f3w i rozwijaj umiej\u0119tno\u015bci dru\u017cynowe.<\/p>\n","protected":false},"featured_media":2155,"comment_status":"open","ping_status":"closed","template":"","meta":[],"product_cat":[53],"product_tag":[],"class_list":{"0":"post-2151","1":"product","2":"type-product","3":"status-publish","4":"has-post-thumbnail","6":"product_cat-zajecia-e-sport-academy","8":"first","9":"instock","10":"virtual","11":"purchasable","12":"product-type-simple"},"_links":{"self":[{"href":"https:\/\/e-sportacademy.pl\/index.php?rest_route=\/wp\/v2\/product\/2151","targetHints":{"allow":["GET"]}}],"collection":[{"href":"https:\/\/e-sportacademy.pl\/index.php?rest_route=\/wp\/v2\/product"}],"about":[{"href":"https:\/\/e-sportacademy.pl\/index.php?rest_route=\/wp\/v2\/types\/product"}],"replies":[{"embeddable":true,"href":"https:\/\/e-sportacademy.pl\/index.php?rest_route=%2Fwp%2Fv2%2Fcomments&post=2151"}],"wp:featuredmedia":[{"embeddable":true,"href":"https:\/\/e-sportacademy.pl\/index.php?rest_route=\/wp\/v2\/media\/2155"}],"wp:attachment":[{"href":"https:\/\/e-sportacademy.pl\/index.php?rest_route=%2Fwp%2Fv2%2Fmedia&parent=2151"}],"wp:term":[{"taxonomy":"product_cat","embeddable":true,"href":"https:\/\/e-sportacademy.pl\/index.php?rest_route=%2Fwp%2Fv2%2Fproduct_cat&post=2151"},{"taxonomy":"product_tag","embeddable":true,"href":"https:\/\/e-sportacademy.pl\/index.php?rest_route=%2Fwp%2Fv2%2Fproduct_tag&post=2151"}],"curies":[{"name":"wp","href":"https:\/\/api.w.org\/{rel}","templated":true}]}}