{"id":2156,"date":"2022-11-04T16:14:21","date_gmt":"2022-11-04T15:14:21","guid":{"rendered":"https:\/\/e-sportacademy.pl\/?post_type=product&#038;p=2156"},"modified":"2025-11-23T23:01:21","modified_gmt":"2025-11-23T22:01:21","slug":"szkolenie-druzynowe","status":"publish","type":"product","link":"https:\/\/e-sportacademy.pl\/?product=szkolenie-druzynowe","title":{"rendered":"Szkolenie Dru\u017cynowe"},"content":{"rendered":"","protected":false},"excerpt":{"rendered":"<p>Dru\u017cynowa lekcja indywidualna. Lekcja trwa godzin\u0119 zegarow\u0105, podczas kt\u00f3rej analizowana jest technika jak\u0105 prezentuje dru\u017cyna.<\/p>\n","protected":false},"featured_media":2159,"comment_status":"open","ping_status":"closed","template":"","meta":[],"product_cat":[53],"product_tag":[],"class_list":{"0":"post-2156","1":"product","2":"type-product","3":"status-publish","4":"has-post-thumbnail","6":"product_cat-zajecia-e-sport-academy","8":"first","9":"instock","10":"virtual","11":"purchasable","12":"product-type-simple"},"_links":{"self":[{"href":"https:\/\/e-sportacademy.pl\/index.php?rest_route=\/wp\/v2\/product\/2156","targetHints":{"allow":["GET"]}}],"collection":[{"href":"https:\/\/e-sportacademy.pl\/index.php?rest_route=\/wp\/v2\/product"}],"about":[{"href":"https:\/\/e-sportacademy.pl\/index.php?rest_route=\/wp\/v2\/types\/product"}],"replies":[{"embeddable":true,"href":"https:\/\/e-sportacademy.pl\/index.php?rest_route=%2Fwp%2Fv2%2Fcomments&post=2156"}],"wp:featuredmedia":[{"embeddable":true,"href":"https:\/\/e-sportacademy.pl\/index.php?rest_route=\/wp\/v2\/media\/2159"}],"wp:attachment":[{"href":"https:\/\/e-sportacademy.pl\/index.php?rest_route=%2Fwp%2Fv2%2Fmedia&parent=2156"}],"wp:term":[{"taxonomy":"product_cat","embeddable":true,"href":"https:\/\/e-sportacademy.pl\/index.php?rest_route=%2Fwp%2Fv2%2Fproduct_cat&post=2156"},{"taxonomy":"product_tag","embeddable":true,"href":"https:\/\/e-sportacademy.pl\/index.php?rest_route=%2Fwp%2Fv2%2Fproduct_tag&post=2156"}],"curies":[{"name":"wp","href":"https:\/\/api.w.org\/{rel}","templated":true}]}}